{"id":229263,"date":"2025-06-11T09:23:14","date_gmt":"2025-06-11T07:23:14","guid":{"rendered":"https:\/\/www.ocampinoalojamientos.es\/?page_id=229263"},"modified":"2025-06-19T13:28:44","modified_gmt":"2025-06-19T11:28:44","slug":"politica-privacidad","status":"publish","type":"page","link":"https:\/\/www.ocampinoalojamientos.es\/en\/politica-privacidad\/","title":{"rendered":"Privacy Policy"},"content":{"rendered":"<p>[et_pb_section fb_built=\u00bb1&#8243; _builder_version=\u00bb4.27.4&#8243; _module_preset=\u00bbdefault\u00bb custom_padding=\u00bb55px||100px||false|false\u00bb global_colors_info=\u00bb{}\u00bb][et_pb_row _builder_version=\u00bb4.27.4&#8243; _module_preset=\u00bbdefault\u00bb global_colors_info=\u00bb{}\u00bb][et_pb_column type=\u00bb4_4&#8243; _builder_version=\u00bb4.27.4&#8243; _module_preset=\u00bbdefault\u00bb global_colors_info=\u00bb{}\u00bb][et_pb_text _builder_version=\u00bb4.27.4&#8243; _module_preset=\u00bbdefault\u00bb global_colors_info=\u00bb{}\u00bb]<\/p>\n<h1 class=\"cassandra\">Privacy Policy<\/h1>\n<p>[\/et_pb_text][et_pb_text _builder_version=\u00bb4.27.4&#8243; _module_preset=\u00bbdefault\u00bb text_font_size_tablet=\u00bb16px\u00bb text_font_size_phone=\u00bb16px\u00bb text_font_size_last_edited=\u00bbon|tablet\u00bb global_colors_info=\u00bb{}\u00bb]<\/p>\n<p>ROSA RODRIGUEZ LOSADA, with registered tax address at CALLE RUA VELLA 68, TRASMIRAS, OURENSE, 32695, Tax ID (C.I.F.) 44445079V, hereinafter referred to as the COMPANY. Updated as of 06\/11\/2025.<\/p>\n<p>Your privacy is important to the COMPANY. This statement discloses the personal data protection practices for the COMPANY's websites, including the type of information collected, how it is used, and with whom it is shared. In accordance with current personal data security regulations, we inform you that any information you provide to the COMPANY will be stored in our contact database for the purpose of communicating future offers and\/or services that may be of interest to you, unless you indicate otherwise.<\/p>\n<p>Generally, you can visit the COMPANY online without identifying yourself or revealing any confidential information. However, on certain occasions, some personal data may be required. You may choose to provide the information necessary to communicate with us, process an order, offer a subscription, etc. Our intent is to inform you how such information is used; you may access this privacy policy via a link provided at the point of data collection and through the menu options.<\/p>\n<p>You have the right to access the information you have provided, to rectify it if it is incorrect, and to cancel it. To do so, please contact the COMPANY in writing or via email, including your full name and address. THE COMPANY guarantees the adoption of appropriate measures to ensure the confidential treatment of this data.<\/p>\n<p>We aim to protect the quality and integrity of your personal data. To this end, appropriate technical and organizational measures have been implemented. Every effort will be made to respond in a timely manner to your requests to correct inaccuracies in your personal information. For this purpose, we request that you return the message containing said inaccuracies to the sender, along with the details of the requested correction.<\/p>\n<p>On certain occasions, anonymous visit information may be stored to help provide better service through various technologies, including so-called 'cookies'. The COMPANY's website includes a cookie notice that must be accepted or declined, according to your preference.<\/p>\n<p>The COMPANY may collaborate with certain companies that help promote services and products. These entities may store and use anonymous visitor information for this purpose.<\/p>\n<p>The COMPANY may provide a URL that directs visitors to a personalized website. This type of link is easily identifiable, and by clicking on it, you authorize the storage of session information, which allows us to offer information tailored to your interests. If you do not wish for this use, simply do not click on these links or URLs.<\/p>\n<p>[\/et_pb_text][\/et_pb_column][\/et_pb_row][\/et_pb_section]<\/p>","protected":false},"excerpt":{"rendered":"<p>Pol\u00edtica de privacidadROSA RODRIGUEZ LOSADA con domicilio fiscal en CALLE RUA VELLA 68, TRASMIRAS, OURENSE, 32695, C.I.F. 44445079V de ahora en adelante, la EMPRESA. Actualizado a 11\/06\/2025. Su privacidad es importante para la EMPRESA. Esta afirmaci\u00f3n revela las pr\u00e1cticas de protecci\u00f3n de datos personales en las p\u00e1ginas web de la EMPRESA incluyendo el tipo de [&hellip;]<\/p>","protected":false},"author":18,"featured_media":0,"parent":0,"menu_order":0,"comment_status":"closed","ping_status":"closed","template":"","meta":{"_et_pb_use_builder":"on","_et_pb_old_content":"","_et_gb_content_width":"","inline_featured_image":false,"footnotes":""},"class_list":["post-229263","page","type-page","status-publish","hentry"],"yoast_head":"<!-- This site is optimized with the Yoast SEO plugin v24.5 - https:\/\/yoast.com\/wordpress\/plugins\/seo\/ -->\n<title>Pol\u00edtica de privacidad - O Campi\u00f1o<\/title>\n<meta name=\"robots\" content=\"noindex, follow\" \/>\n<meta property=\"og:locale\" content=\"en_GB\" \/>\n<meta property=\"og:type\" content=\"article\" \/>\n<meta property=\"og:title\" content=\"Pol\u00edtica de privacidad - O Campi\u00f1o\" \/>\n<meta property=\"og:description\" content=\"Pol\u00edtica de privacidadROSA RODRIGUEZ LOSADA con domicilio fiscal en CALLE RUA VELLA 68, TRASMIRAS, OURENSE, 32695, C.I.F. 44445079V de ahora en adelante, la EMPRESA. Actualizado a 11\/06\/2025. Su privacidad es importante para la EMPRESA. Esta afirmaci\u00f3n revela las pr\u00e1cticas de protecci\u00f3n de datos personales en las p\u00e1ginas web de la EMPRESA incluyendo el tipo de [&hellip;]\" \/>\n<meta property=\"og:url\" content=\"https:\/\/www.ocampinoalojamientos.es\/en\/politica-privacidad\/\" \/>\n<meta property=\"og:site_name\" content=\"O Campi\u00f1o\" \/>\n<meta property=\"article:publisher\" content=\"https:\/\/www.facebook.com\/people\/Campi%c3%b1o-Tur%c3%adstico\/pfbid02X9hyFzfyVH9yUs56SuhxZVyTQpBPT5UqNrfc2uZLzne8dCtWDdRrVLvELkwfjVr1l\/?ref=_ig_profile_ac\" \/>\n<meta property=\"article:modified_time\" content=\"2025-06-19T11:28:44+00:00\" \/>\n<meta property=\"og:image\" content=\"https:\/\/www.ocampinoalojamientos.es\/wp-content\/uploads\/2025\/06\/YOAST.jpg\" \/>\n\t<meta property=\"og:image:width\" content=\"1200\" \/>\n\t<meta property=\"og:image:height\" content=\"675\" \/>\n\t<meta property=\"og:image:type\" content=\"image\/jpeg\" \/>\n<meta name=\"twitter:card\" content=\"summary_large_image\" \/>\n<meta name=\"twitter:label1\" content=\"Estimated reading time\" \/>\n\t<meta name=\"twitter:data1\" content=\"3 minutes\" \/>\n<script type=\"application\/ld+json\" class=\"yoast-schema-graph\">{\"@context\":\"https:\/\/schema.org\",\"@graph\":[{\"@type\":\"WebPage\",\"@id\":\"https:\/\/www.ocampinoalojamientos.es\/politica-privacidad\/\",\"url\":\"https:\/\/www.ocampinoalojamientos.es\/politica-privacidad\/\",\"name\":\"Pol\u00edtica de privacidad - O Campi\u00f1o\",\"isPartOf\":{\"@id\":\"https:\/\/www.ocampinoalojamientos.es\/#website\"},\"datePublished\":\"2025-06-11T07:23:14+00:00\",\"dateModified\":\"2025-06-19T11:28:44+00:00\",\"breadcrumb\":{\"@id\":\"https:\/\/www.ocampinoalojamientos.es\/politica-privacidad\/#breadcrumb\"},\"inLanguage\":\"en-GB\",\"potentialAction\":[{\"@type\":\"ReadAction\",\"target\":[\"https:\/\/www.ocampinoalojamientos.es\/politica-privacidad\/\"]}]},{\"@type\":\"BreadcrumbList\",\"@id\":\"https:\/\/www.ocampinoalojamientos.es\/politica-privacidad\/#breadcrumb\",\"itemListElement\":[{\"@type\":\"ListItem\",\"position\":1,\"name\":\"Inicio\",\"item\":\"https:\/\/www.ocampinoalojamientos.es\/\"},{\"@type\":\"ListItem\",\"position\":2,\"name\":\"Pol\u00edtica de privacidad\"}]},{\"@type\":\"WebSite\",\"@id\":\"https:\/\/www.ocampinoalojamientos.es\/#website\",\"url\":\"https:\/\/www.ocampinoalojamientos.es\/\",\"name\":\"O Campi\u00f1o\",\"description\":\"\",\"publisher\":{\"@id\":\"https:\/\/www.ocampinoalojamientos.es\/#organization\"},\"potentialAction\":[{\"@type\":\"SearchAction\",\"target\":{\"@type\":\"EntryPoint\",\"urlTemplate\":\"https:\/\/www.ocampinoalojamientos.es\/?s={search_term_string}\"},\"query-input\":{\"@type\":\"PropertyValueSpecification\",\"valueRequired\":true,\"valueName\":\"search_term_string\"}}],\"inLanguage\":\"en-GB\"},{\"@type\":\"Organization\",\"@id\":\"https:\/\/www.ocampinoalojamientos.es\/#organization\",\"name\":\"O Campi\u00f1o\",\"url\":\"https:\/\/www.ocampinoalojamientos.es\/\",\"logo\":{\"@type\":\"ImageObject\",\"inLanguage\":\"en-GB\",\"@id\":\"https:\/\/www.ocampinoalojamientos.es\/#\/schema\/logo\/image\/\",\"url\":\"https:\/\/www.ocampinoalojamientos.es\/wp-content\/uploads\/2025\/06\/empresa.jpg\",\"contentUrl\":\"https:\/\/www.ocampinoalojamientos.es\/wp-content\/uploads\/2025\/06\/empresa.jpg\",\"width\":696,\"height\":696,\"caption\":\"O Campi\u00f1o\"},\"image\":{\"@id\":\"https:\/\/www.ocampinoalojamientos.es\/#\/schema\/logo\/image\/\"},\"sameAs\":[\"https:\/\/www.facebook.com\/people\/Campi\u00f1o-Tur\u00edstico\/pfbid02X9hyFzfyVH9yUs56SuhxZVyTQpBPT5UqNrfc2uZLzne8dCtWDdRrVLvELkwfjVr1l\/?ref=_ig_profile_ac\"]}]}<\/script>\n<!-- \/ Yoast SEO plugin. -->","yoast_head_json":{"title":"Pol\u00edtica de privacidad - O Campi\u00f1o","robots":{"index":"noindex","follow":"follow"},"og_locale":"en_GB","og_type":"article","og_title":"Pol\u00edtica de privacidad - O Campi\u00f1o","og_description":"Pol\u00edtica de privacidadROSA RODRIGUEZ LOSADA con domicilio fiscal en CALLE RUA VELLA 68, TRASMIRAS, OURENSE, 32695, C.I.F. 44445079V de ahora en adelante, la EMPRESA. Actualizado a 11\/06\/2025. Su privacidad es importante para la EMPRESA. Esta afirmaci\u00f3n revela las pr\u00e1cticas de protecci\u00f3n de datos personales en las p\u00e1ginas web de la EMPRESA incluyendo el tipo de [&hellip;]","og_url":"https:\/\/www.ocampinoalojamientos.es\/en\/politica-privacidad\/","og_site_name":"O Campi\u00f1o","article_publisher":"https:\/\/www.facebook.com\/people\/Campi%c3%b1o-Tur%c3%adstico\/pfbid02X9hyFzfyVH9yUs56SuhxZVyTQpBPT5UqNrfc2uZLzne8dCtWDdRrVLvELkwfjVr1l\/?ref=_ig_profile_ac","article_modified_time":"2025-06-19T11:28:44+00:00","og_image":[{"width":1200,"height":675,"url":"https:\/\/www.ocampinoalojamientos.es\/wp-content\/uploads\/2025\/06\/YOAST.jpg","type":"image\/jpeg"}],"twitter_card":"summary_large_image","twitter_misc":{"Estimated reading time":"3 minutes"},"schema":{"@context":"https:\/\/schema.org","@graph":[{"@type":"WebPage","@id":"https:\/\/www.ocampinoalojamientos.es\/politica-privacidad\/","url":"https:\/\/www.ocampinoalojamientos.es\/politica-privacidad\/","name":"Pol\u00edtica de privacidad - O Campi\u00f1o","isPartOf":{"@id":"https:\/\/www.ocampinoalojamientos.es\/#website"},"datePublished":"2025-06-11T07:23:14+00:00","dateModified":"2025-06-19T11:28:44+00:00","breadcrumb":{"@id":"https:\/\/www.ocampinoalojamientos.es\/politica-privacidad\/#breadcrumb"},"inLanguage":"en-GB","potentialAction":[{"@type":"ReadAction","target":["https:\/\/www.ocampinoalojamientos.es\/politica-privacidad\/"]}]},{"@type":"BreadcrumbList","@id":"https:\/\/www.ocampinoalojamientos.es\/politica-privacidad\/#breadcrumb","itemListElement":[{"@type":"ListItem","position":1,"name":"Inicio","item":"https:\/\/www.ocampinoalojamientos.es\/"},{"@type":"ListItem","position":2,"name":"Pol\u00edtica de privacidad"}]},{"@type":"WebSite","@id":"https:\/\/www.ocampinoalojamientos.es\/#website","url":"https:\/\/www.ocampinoalojamientos.es\/","name":"O Campi\u00f1o","description":"","publisher":{"@id":"https:\/\/www.ocampinoalojamientos.es\/#organization"},"potentialAction":[{"@type":"SearchAction","target":{"@type":"EntryPoint","urlTemplate":"https:\/\/www.ocampinoalojamientos.es\/?s={search_term_string}"},"query-input":{"@type":"PropertyValueSpecification","valueRequired":true,"valueName":"search_term_string"}}],"inLanguage":"en-GB"},{"@type":"Organization","@id":"https:\/\/www.ocampinoalojamientos.es\/#organization","name":"O Campi\u00f1o","url":"https:\/\/www.ocampinoalojamientos.es\/","logo":{"@type":"ImageObject","inLanguage":"en-GB","@id":"https:\/\/www.ocampinoalojamientos.es\/#\/schema\/logo\/image\/","url":"https:\/\/www.ocampinoalojamientos.es\/wp-content\/uploads\/2025\/06\/empresa.jpg","contentUrl":"https:\/\/www.ocampinoalojamientos.es\/wp-content\/uploads\/2025\/06\/empresa.jpg","width":696,"height":696,"caption":"O Campi\u00f1o"},"image":{"@id":"https:\/\/www.ocampinoalojamientos.es\/#\/schema\/logo\/image\/"},"sameAs":["https:\/\/www.facebook.com\/people\/Campi\u00f1o-Tur\u00edstico\/pfbid02X9hyFzfyVH9yUs56SuhxZVyTQpBPT5UqNrfc2uZLzne8dCtWDdRrVLvELkwfjVr1l\/?ref=_ig_profile_ac"]}]}},"_links":{"self":[{"href":"https:\/\/www.ocampinoalojamientos.es\/en\/wp-json\/wp\/v2\/pages\/229263","targetHints":{"allow":["GET"]}}],"collection":[{"href":"https:\/\/www.ocampinoalojamientos.es\/en\/wp-json\/wp\/v2\/pages"}],"about":[{"href":"https:\/\/www.ocampinoalojamientos.es\/en\/wp-json\/wp\/v2\/types\/page"}],"author":[{"embeddable":true,"href":"https:\/\/www.ocampinoalojamientos.es\/en\/wp-json\/wp\/v2\/users\/18"}],"replies":[{"embeddable":true,"href":"https:\/\/www.ocampinoalojamientos.es\/en\/wp-json\/wp\/v2\/comments?post=229263"}],"version-history":[{"count":4,"href":"https:\/\/www.ocampinoalojamientos.es\/en\/wp-json\/wp\/v2\/pages\/229263\/revisions"}],"predecessor-version":[{"id":229372,"href":"https:\/\/www.ocampinoalojamientos.es\/en\/wp-json\/wp\/v2\/pages\/229263\/revisions\/229372"}],"wp:attachment":[{"href":"https:\/\/www.ocampinoalojamientos.es\/en\/wp-json\/wp\/v2\/media?parent=229263"}],"curies":[{"name":"wp","href":"https:\/\/api.w.org\/{rel}","templated":true}]}}